{"id":12661,"date":"2020-05-30T03:47:46","date_gmt":"2020-05-30T03:47:46","guid":{"rendered":"http:\/\/digicop.designervily.com\/demo1\/?page_id=12661"},"modified":"2020-09-26T00:39:45","modified_gmt":"2020-09-26T00:39:45","slug":"acerca","status":"publish","type":"page","link":"https:\/\/giuliaa.com\/?page_id=12661","title":{"rendered":"Qui\u00e9nes Somos"},"content":{"rendered":"\t\t<div data-elementor-type=\"wp-page\" data-elementor-id=\"12661\" class=\"elementor elementor-12661\">\n\t\t\t\t\t\t<div class=\"elementor-section elementor-top-section elementor-element elementor-element-fdd0ed3 dsvy-bg-color-yes dsvy-elementor-bg-color-white dsvy-col-stretched-none dsvy-bg-color-over-image elementor-section-boxed elementor-section-height-default elementor-section-height-default\" data-id=\"fdd0ed3\" data-element_type=\"section\" data-e-type=\"section\">\n\t\t\t\t\t\t<div class=\"elementor-container elementor-column-gap-default\">\n\t\t\t\t\t<div class=\"elementor-column elementor-col-50 elementor-top-column elementor-element elementor-element-ba2757d dsvy-bg-color-over-image\" data-id=\"ba2757d\" data-element_type=\"column\" data-e-type=\"column\">\n\t\t\t<div class=\"elementor-widget-wrap elementor-element-populated\">\n\t\t\t\t\t\t<div class=\"elementor-element elementor-element-109e14a elementor-widget elementor-widget-dsvy_heading\" data-id=\"109e14a\" data-element_type=\"widget\" data-e-type=\"widget\" data-widget_type=\"dsvy_heading.default\">\n\t\t\t\t<div class=\"elementor-widget-container\">\n\t\t\t\t\t\t<div class=\"dsvy-heading-subheading -align dsvy-reverse-heading-yes\"><h4 class=\"dsvy-element-subtitle\">\n\t\t\t\n\t\t\t\tSobre Giuliaa\n\t\t\t\n\t\t\t<\/h4>\n\t\t<h2 class=\"dsvy-element-title\">\n\t\t\t\n\t\t\t\tBrindamos sistematizaci\u00f3n con funciones inteligentes\n\t\t\t\n\t\t\t<\/h2>\n\t\t<div class=\"dsvy-heading-desc\">Somos un proveedor de cibern\u00e9tica e inteligencia residencial y comercial y presentamos todo tipo de los sistemas de dom\u00f3tica m\u00e1s sencillos\u00a0 complejos para brindar seguridad e innovaci\u00f3n inteligente.<\/div><\/div>\t\t\t\t<\/div>\n\t\t\t\t<\/div>\n\t\t\t\t<div class=\"elementor-element elementor-element-006da31 elementor-widget elementor-widget-text-editor\" data-id=\"006da31\" data-element_type=\"widget\" data-e-type=\"widget\" data-widget_type=\"text-editor.default\">\n\t\t\t\t<div class=\"elementor-widget-container\">\n\t\t\t\t\t\t\t\t\t<p>Alta tecnolog\u00eda dom\u00f3tica, compuesto por un sistema de componentes y conectividad cibern\u00e9tica, al servicio de automatizaci\u00f3n, confort, seguridad y productividad, con posibilidades ilimitadas, para implementaci\u00f3n comercial, en sector empresarial, salud, hogar, rural, turismo, gubernamental, social, ente otros. Integraci\u00f3n de la tecnolog\u00eda en el dise\u00f1o inteligente de un recinto cerrado.<\/p>\t\t\t\t\t\t\t\t<\/div>\n\t\t\t\t<\/div>\n\t\t\t\t<section class=\"elementor-section elementor-inner-section elementor-element elementor-element-b79d7ca dsvy-col-stretched-none dsvy-bg-color-over-image elementor-section-boxed elementor-section-height-default elementor-section-height-default\" data-id=\"b79d7ca\" data-element_type=\"section\" data-e-type=\"section\">\n\t\t\t\t\t\t<div class=\"elementor-container elementor-column-gap-default\">\n\t\t\t\t\t<div class=\"elementor-column elementor-col-50 elementor-inner-column elementor-element elementor-element-7af05f9 dsvy-bg-color-over-image\" data-id=\"7af05f9\" data-element_type=\"column\" data-e-type=\"column\">\n\t\t\t<div class=\"elementor-widget-wrap elementor-element-populated\">\n\t\t\t\t\t\t<div class=\"elementor-element elementor-element-9348eeb elementor-icon-list--layout-traditional elementor-list-item-link-full_width elementor-widget elementor-widget-icon-list\" data-id=\"9348eeb\" data-element_type=\"widget\" data-e-type=\"widget\" data-widget_type=\"icon-list.default\">\n\t\t\t\t<div class=\"elementor-widget-container\">\n\t\t\t\t\t\t\t<ul class=\"elementor-icon-list-items\">\n\t\t\t\t\t\t\t<li class=\"elementor-icon-list-item\">\n\t\t\t\t\t\t\t\t\t\t\t<span class=\"elementor-icon-list-icon\">\n\t\t\t\t\t\t\t<i aria-hidden=\"true\" class=\"fas fa-square-full\"><\/i>\t\t\t\t\t\t<\/span>\n\t\t\t\t\t\t\t\t\t\t<span class=\"elementor-icon-list-text\">Personal de innovaci\u00f3n experimentado<\/span>\n\t\t\t\t\t\t\t\t\t<\/li>\n\t\t\t\t\t\t\t\t<li class=\"elementor-icon-list-item\">\n\t\t\t\t\t\t\t\t\t\t\t<span class=\"elementor-icon-list-icon\">\n\t\t\t\t\t\t\t<i aria-hidden=\"true\" class=\"fas fa-square-full\"><\/i>\t\t\t\t\t\t<\/span>\n\t\t\t\t\t\t\t\t\t\t<span class=\"elementor-icon-list-text\">Respuesta y soluciones 24\/7<\/span>\n\t\t\t\t\t\t\t\t\t<\/li>\n\t\t\t\t\t\t\t\t<li class=\"elementor-icon-list-item\">\n\t\t\t\t\t\t\t\t\t\t\t<span class=\"elementor-icon-list-icon\">\n\t\t\t\t\t\t\t<i aria-hidden=\"true\" class=\"fas fa-square-full\"><\/i>\t\t\t\t\t\t<\/span>\n\t\t\t\t\t\t\t\t\t\t<span class=\"elementor-icon-list-text\">Seguridad y confort<\/span>\n\t\t\t\t\t\t\t\t\t<\/li>\n\t\t\t\t\t\t<\/ul>\n\t\t\t\t\t\t<\/div>\n\t\t\t\t<\/div>\n\t\t\t\t\t<\/div>\n\t\t<\/div>\n\t\t\t\t<div class=\"elementor-column elementor-col-50 elementor-inner-column elementor-element elementor-element-5e2a9f6 dsvy-bg-color-over-image\" data-id=\"5e2a9f6\" data-element_type=\"column\" data-e-type=\"column\">\n\t\t\t<div class=\"elementor-widget-wrap elementor-element-populated\">\n\t\t\t\t\t\t<div class=\"elementor-element elementor-element-f118a87 elementor-icon-list--layout-traditional elementor-list-item-link-full_width elementor-widget elementor-widget-icon-list\" data-id=\"f118a87\" data-element_type=\"widget\" data-e-type=\"widget\" data-widget_type=\"icon-list.default\">\n\t\t\t\t<div class=\"elementor-widget-container\">\n\t\t\t\t\t\t\t<ul class=\"elementor-icon-list-items\">\n\t\t\t\t\t\t\t<li class=\"elementor-icon-list-item\">\n\t\t\t\t\t\t\t\t\t\t\t<span class=\"elementor-icon-list-icon\">\n\t\t\t\t\t\t\t<i aria-hidden=\"true\" class=\"fas fa-square-full\"><\/i>\t\t\t\t\t\t<\/span>\n\t\t\t\t\t\t\t\t\t\t<span class=\"elementor-icon-list-text\">Experiencia y honestidad<\/span>\n\t\t\t\t\t\t\t\t\t<\/li>\n\t\t\t\t\t\t\t\t<li class=\"elementor-icon-list-item\">\n\t\t\t\t\t\t\t\t\t\t\t<span class=\"elementor-icon-list-icon\">\n\t\t\t\t\t\t\t<i aria-hidden=\"true\" class=\"fas fa-square-full\"><\/i>\t\t\t\t\t\t<\/span>\n\t\t\t\t\t\t\t\t\t\t<span class=\"elementor-icon-list-text\">\u00daltimas t\u00e9cnicas de cibern\u00e9tica<\/span>\n\t\t\t\t\t\t\t\t\t<\/li>\n\t\t\t\t\t\t\t\t<li class=\"elementor-icon-list-item\">\n\t\t\t\t\t\t\t\t\t\t\t<span class=\"elementor-icon-list-icon\">\n\t\t\t\t\t\t\t<i aria-hidden=\"true\" class=\"fas fa-square-full\"><\/i>\t\t\t\t\t\t<\/span>\n\t\t\t\t\t\t\t\t\t\t<span class=\"elementor-icon-list-text\">Brindar un servicio asequible<\/span>\n\t\t\t\t\t\t\t\t\t<\/li>\n\t\t\t\t\t\t<\/ul>\n\t\t\t\t\t\t<\/div>\n\t\t\t\t<\/div>\n\t\t\t\t\t<\/div>\n\t\t<\/div>\n\t\t\t\t\t<\/div>\n\t\t<\/section>\n\t\t\t\t\t<\/div>\n\t\t<\/div>\n\t\t\t\t<div class=\"elementor-column elementor-col-50 elementor-top-column elementor-element elementor-element-4efbaa8 dsvy-bg-color-over-image\" data-id=\"4efbaa8\" data-element_type=\"column\" data-e-type=\"column\">\n\t\t\t<div class=\"elementor-widget-wrap elementor-element-populated\">\n\t\t\t\t\t\t<section class=\"elementor-section elementor-inner-section elementor-element elementor-element-895f227 dsvy-col-stretched-none dsvy-bg-color-over-image elementor-section-boxed elementor-section-height-default elementor-section-height-default\" data-id=\"895f227\" data-element_type=\"section\" data-e-type=\"section\">\n\t\t\t\t\t\t<div class=\"elementor-container elementor-column-gap-narrow\">\n\t\t\t\t\t<div class=\"elementor-column elementor-col-50 elementor-inner-column elementor-element elementor-element-9b17dab dsvy-bg-color-over-image\" data-id=\"9b17dab\" data-element_type=\"column\" data-e-type=\"column\">\n\t\t\t<div class=\"elementor-widget-wrap elementor-element-populated\">\n\t\t\t\t\t\t<div class=\"elementor-element elementor-element-8d7ee53 dsvy-responsive-imge-1 elementor-widget elementor-widget-image\" data-id=\"8d7ee53\" data-element_type=\"widget\" data-e-type=\"widget\" data-widget_type=\"image.default\">\n\t\t\t\t<div class=\"elementor-widget-container\">\n\t\t\t\t\t\t\t\t\t\t\t\t\t\t\t<img fetchpriority=\"high\" decoding=\"async\" width=\"1279\" height=\"720\" src=\"https:\/\/i0.wp.com\/giuliaa.com\/wp-content\/uploads\/2020\/06\/mockup_tablet_img.png?fit=1279%2C720&amp;ssl=1\" class=\"attachment-full size-full wp-image-14282\" alt=\"\" srcset=\"https:\/\/i0.wp.com\/giuliaa.com\/wp-content\/uploads\/2020\/06\/mockup_tablet_img.png?w=1279&amp;ssl=1 1279w, https:\/\/i0.wp.com\/giuliaa.com\/wp-content\/uploads\/2020\/06\/mockup_tablet_img.png?resize=300%2C169&amp;ssl=1 300w, https:\/\/i0.wp.com\/giuliaa.com\/wp-content\/uploads\/2020\/06\/mockup_tablet_img.png?resize=1024%2C576&amp;ssl=1 1024w, https:\/\/i0.wp.com\/giuliaa.com\/wp-content\/uploads\/2020\/06\/mockup_tablet_img.png?resize=768%2C432&amp;ssl=1 768w, https:\/\/i0.wp.com\/giuliaa.com\/wp-content\/uploads\/2020\/06\/mockup_tablet_img.png?resize=770%2C433&amp;ssl=1 770w\" sizes=\"(max-width: 847px) 100vw, 847px\" \/>\t\t\t\t\t\t\t\t\t\t\t\t\t\t\t<\/div>\n\t\t\t\t<\/div>\n\t\t\t\t<div class=\"elementor-element elementor-element-b6fea94 elementor-widget elementor-widget-dsvy_icon_heading\" data-id=\"b6fea94\" data-element_type=\"widget\" data-e-type=\"widget\" data-widget_type=\"dsvy_icon_heading.default\">\n\t\t\t\t<div class=\"elementor-widget-container\">\n\t\t\t\t\t<div class=\"dsvy-ihbox dsvy-ihbox-style-4\"><div class=\"dsvy-ihbox-contents\">\n\t<div class=\"dsvy-ihbox-headingicon\">\n\t\t<div class=\"dsvy-ihbox-icon\"><div class=\"dsvy-ihbox-icon-wrapper\"><i class=\"dsvy-digicop-icon dsvy-digicop-icon-life-insurance\"><\/i><\/div><\/div>\t\t<div class=\"dsvy-ihbox-contents\">\n\t\t\t<h2 class=\"dsvy-element-title\">\n\t\t\t\t\t\n\t\t\t\t\t\tSolution <span>Tech<\/span> Provider\n\t\t\t\t\t\n\t\t\t\t\t<\/h2>\n\t\t\t\t\t\t\t\t\t\t\t\t\t<div class=\"dsvy-ihbox-btn\"><a href=\"#\"><span>Read More<\/span><\/a><\/div>\t\t<\/div><!-- .dsvy-ihbox-contents -->\n\t<\/div>\n<\/div>\n<\/div>\t\t\t\t<\/div>\n\t\t\t\t<\/div>\n\t\t\t\t\t<\/div>\n\t\t<\/div>\n\t\t\t\t<div class=\"elementor-column elementor-col-50 elementor-inner-column elementor-element elementor-element-aa82e92 dsvy-empty-div-height-767 dsvy-bg-color-over-image\" data-id=\"aa82e92\" data-element_type=\"column\" data-e-type=\"column\" data-settings=\"{&quot;background_background&quot;:&quot;classic&quot;}\">\n\t\t\t<div class=\"elementor-widget-wrap\">\n\t\t\t\t\t\t\t<\/div>\n\t\t<\/div>\n\t\t\t\t\t<\/div>\n\t\t<\/section>\n\t\t\t\t\t<\/div>\n\t\t<\/div>\n\t\t\t\t\t<\/div>\n\t\t<\/div>\n\t\t\t\t<section class=\"elementor-section elementor-top-section elementor-element elementor-element-46ea1f8 dsvy-bg-color-yes dsvy-elementor-bg-color-blackish elementor-section-stretched dsvy-text-color-white dsvy-col-stretched-none dsvy-bg-color-over-image elementor-section-boxed elementor-section-height-default elementor-section-height-default\" data-id=\"46ea1f8\" data-element_type=\"section\" data-e-type=\"section\" data-settings=\"{&quot;stretch_section&quot;:&quot;section-stretched&quot;,&quot;background_background&quot;:&quot;classic&quot;}\">\n\t\t\t\t\t\t<div class=\"elementor-container elementor-column-gap-default\">\n\t\t\t\t\t<div class=\"elementor-column elementor-col-25 elementor-top-column elementor-element elementor-element-bf263ae dsvy-bg-color-over-image\" data-id=\"bf263ae\" data-element_type=\"column\" data-e-type=\"column\">\n\t\t\t<div class=\"elementor-widget-wrap\">\n\t\t\t\t\t\t\t<\/div>\n\t\t<\/div>\n\t\t\t\t<div class=\"elementor-column elementor-col-25 elementor-top-column elementor-element elementor-element-4538cf1 dsvy-bg-color-over-image\" data-id=\"4538cf1\" data-element_type=\"column\" data-e-type=\"column\">\n\t\t\t<div class=\"elementor-widget-wrap\">\n\t\t\t\t\t\t\t<\/div>\n\t\t<\/div>\n\t\t\t\t<div class=\"elementor-column elementor-col-25 elementor-top-column elementor-element elementor-element-14420ab dsvy-bg-color-over-image\" data-id=\"14420ab\" data-element_type=\"column\" data-e-type=\"column\">\n\t\t\t<div class=\"elementor-widget-wrap\">\n\t\t\t\t\t\t\t<\/div>\n\t\t<\/div>\n\t\t\t\t<div class=\"elementor-column elementor-col-25 elementor-top-column elementor-element elementor-element-dabc4e6 dsvy-bg-color-over-image\" data-id=\"dabc4e6\" data-element_type=\"column\" data-e-type=\"column\">\n\t\t\t<div class=\"elementor-widget-wrap\">\n\t\t\t\t\t\t\t<\/div>\n\t\t<\/div>\n\t\t\t\t\t<\/div>\n\t\t<\/section>\n\t\t\t\t<section class=\"elementor-section elementor-top-section elementor-element elementor-element-9f3ffe2 dsvy-bg-color-yes dsvy-elementor-bg-color-light elementor-section-stretched dsvy-col-stretched-none dsvy-bg-color-over-image elementor-section-boxed elementor-section-height-default elementor-section-height-default\" data-id=\"9f3ffe2\" data-element_type=\"section\" data-e-type=\"section\" data-settings=\"{&quot;stretch_section&quot;:&quot;section-stretched&quot;}\">\n\t\t\t\t\t\t<div class=\"elementor-container elementor-column-gap-default\">\n\t\t\t\t\t<div class=\"elementor-column elementor-col-100 elementor-top-column elementor-element elementor-element-6b99197 dsvy-bg-color-over-image\" data-id=\"6b99197\" data-element_type=\"column\" data-e-type=\"column\">\n\t\t\t<div class=\"elementor-widget-wrap elementor-element-populated\">\n\t\t\t\t\t\t<section class=\"elementor-section elementor-inner-section elementor-element elementor-element-3240071 dsvy-bg-color-yes dsvy-elementor-bg-color-white elementor-section-content-middle dsvy-col-stretched-none dsvy-bg-color-over-image elementor-section-boxed elementor-section-height-default elementor-section-height-default\" data-id=\"3240071\" data-element_type=\"section\" data-e-type=\"section\">\n\t\t\t\t\t\t<div class=\"elementor-container elementor-column-gap-no\">\n\t\t\t\t\t<div class=\"elementor-column elementor-col-50 elementor-inner-column elementor-element elementor-element-ccfc7ba dsvy-empty-div-height-1024 dsvy-bg-color-over-image\" data-id=\"ccfc7ba\" data-element_type=\"column\" data-e-type=\"column\" data-settings=\"{&quot;background_background&quot;:&quot;classic&quot;}\">\n\t\t\t<div class=\"elementor-widget-wrap\">\n\t\t\t\t\t\t\t<\/div>\n\t\t<\/div>\n\t\t\t\t<div class=\"elementor-column elementor-col-50 elementor-inner-column elementor-element elementor-element-2f32c0b dsvy-bg-color-over-image\" data-id=\"2f32c0b\" data-element_type=\"column\" data-e-type=\"column\">\n\t\t\t<div class=\"elementor-widget-wrap elementor-element-populated\">\n\t\t\t\t\t\t<div class=\"elementor-element elementor-element-50f904e dsvy-heaing-style-1 dsvy-align-left elementor-widget elementor-widget-dsvy_heading\" data-id=\"50f904e\" data-element_type=\"widget\" data-e-type=\"widget\" data-widget_type=\"dsvy_heading.default\">\n\t\t\t\t<div class=\"elementor-widget-container\">\n\t\t\t\t\t\t<div class=\"dsvy-heading-subheading left-align dsvy-reverse-heading-yes\"><h4 class=\"dsvy-element-subtitle\">\n\t\t\t\n\t\t\t\tPor qu\u00e9 elegirnos\n\t\t\t\n\t\t\t<\/h4>\n\t\t<h2 class=\"dsvy-element-title\">\n\t\t\t\n\t\t\t\tNuestros Expertos en Inteligencia Cibern\u00e9tica\n\t\t\t\n\t\t\t<\/h2>\n\t\t<\/div>\t\t\t\t<\/div>\n\t\t\t\t<\/div>\n\t\t\t\t<div class=\"elementor-element elementor-element-8f80ad5 elementor-widget elementor-widget-text-editor\" data-id=\"8f80ad5\" data-element_type=\"widget\" data-e-type=\"widget\" data-widget_type=\"text-editor.default\">\n\t\t\t\t<div class=\"elementor-widget-container\">\n\t\t\t\t\t\t\t\t\t<p>Ofrecemos gestionar el mantenimiento de sus sistemas de inteligencia. Expertos en monitoreo en la gesti\u00f3n remota a todo el personal del servicio y control de la edificaci\u00f3n en la gesti\u00f3n de la energ\u00eda, seguridad, mantenimiento y confort.<\/p>\t\t\t\t\t\t\t\t<\/div>\n\t\t\t\t<\/div>\n\t\t\t\t<div class=\"elementor-element elementor-element-6a27284 elementor-widget elementor-widget-progress\" data-id=\"6a27284\" data-element_type=\"widget\" data-e-type=\"widget\" data-widget_type=\"progress.default\">\n\t\t\t\t<div class=\"elementor-widget-container\">\n\t\t\t\t\t\t\t\t<span class=\"elementor-title\" id=\"elementor-progress-bar-6a27284\">\n\t\t\t\tEspecialistas\t\t\t<\/span>\n\t\t\n\t\t<div aria-labelledby=\"elementor-progress-bar-6a27284\" class=\"elementor-progress-wrapper\" role=\"progressbar\" aria-valuemin=\"0\" aria-valuemax=\"100\" aria-valuenow=\"90\">\n\t\t\t<div class=\"elementor-progress-bar\" data-max=\"90\">\n\t\t\t\t<span class=\"elementor-progress-text\"><\/span>\n\t\t\t\t\t\t\t\t\t<span class=\"elementor-progress-percentage\">90%<\/span>\n\t\t\t\t\t\t\t<\/div>\n\t\t<\/div>\n\t\t\t\t\t\t<\/div>\n\t\t\t\t<\/div>\n\t\t\t\t<div class=\"elementor-element elementor-element-09bf641 elementor-widget elementor-widget-progress\" data-id=\"09bf641\" data-element_type=\"widget\" data-e-type=\"widget\" data-widget_type=\"progress.default\">\n\t\t\t\t<div class=\"elementor-widget-container\">\n\t\t\t\t\t\t\t\t<span class=\"elementor-title\" id=\"elementor-progress-bar-09bf641\">\n\t\t\t\tProyectos\t\t\t<\/span>\n\t\t\n\t\t<div aria-labelledby=\"elementor-progress-bar-09bf641\" class=\"elementor-progress-wrapper\" role=\"progressbar\" aria-valuemin=\"0\" aria-valuemax=\"100\" aria-valuenow=\"80\">\n\t\t\t<div class=\"elementor-progress-bar\" data-max=\"80\">\n\t\t\t\t<span class=\"elementor-progress-text\"><\/span>\n\t\t\t\t\t\t\t\t\t<span class=\"elementor-progress-percentage\">80%<\/span>\n\t\t\t\t\t\t\t<\/div>\n\t\t<\/div>\n\t\t\t\t\t\t<\/div>\n\t\t\t\t<\/div>\n\t\t\t\t<div class=\"elementor-element elementor-element-0e9a781 elementor-widget elementor-widget-progress\" data-id=\"0e9a781\" data-element_type=\"widget\" data-e-type=\"widget\" data-widget_type=\"progress.default\">\n\t\t\t\t<div class=\"elementor-widget-container\">\n\t\t\t\t\t\t\t\t<span class=\"elementor-title\" id=\"elementor-progress-bar-0e9a781\">\n\t\t\t\tInnovaci\u00f3n\t\t\t<\/span>\n\t\t\n\t\t<div aria-labelledby=\"elementor-progress-bar-0e9a781\" class=\"elementor-progress-wrapper\" role=\"progressbar\" aria-valuemin=\"0\" aria-valuemax=\"100\" aria-valuenow=\"90\">\n\t\t\t<div class=\"elementor-progress-bar\" data-max=\"90\">\n\t\t\t\t<span class=\"elementor-progress-text\"><\/span>\n\t\t\t\t\t\t\t\t\t<span class=\"elementor-progress-percentage\">90%<\/span>\n\t\t\t\t\t\t\t<\/div>\n\t\t<\/div>\n\t\t\t\t\t\t<\/div>\n\t\t\t\t<\/div>\n\t\t\t\t\t<\/div>\n\t\t<\/div>\n\t\t\t\t\t<\/div>\n\t\t<\/section>\n\t\t\t\t\t<\/div>\n\t\t<\/div>\n\t\t\t\t\t<\/div>\n\t\t<\/section>\n\t\t\t\t<\/div>\n\t\t","protected":false},"excerpt":{"rendered":"<p>Sobre Giuliaa Brindamos sistematizaci\u00f3n con funciones inteligentes Somos un proveedor de cibern\u00e9tica e inteligencia residencial y comercial y presentamos todo tipo de los sistemas de dom\u00f3tica m\u00e1s sencillos\u00a0 complejos para brindar seguridad e innovaci\u00f3n inteligente. Alta tecnolog\u00eda dom\u00f3tica, compuesto por un sistema de componentes y conectividad cibern\u00e9tica, al servicio de automatizaci\u00f3n, confort, seguridad y productividad, [&hellip;]<\/p>\n","protected":false},"author":4,"featured_media":0,"parent":0,"menu_order":4,"comment_status":"closed","ping_status":"closed","template":"elementor_header_footer","meta":{"_acf_changed":false,"nf_dc_page":"","_monsterinsights_skip_tracking":false,"_monsterinsights_sitenote_active":false,"_monsterinsights_sitenote_note":"","_monsterinsights_sitenote_category":0,"footnotes":""},"class_list":["post-12661","page","type-page","status-publish","hentry"],"acf":[],"yoast_head":"<!-- This site is optimized with the Yoast SEO plugin v27.4 - https:\/\/yoast.com\/product\/yoast-seo-wordpress\/ -->\n<title>Qui\u00e9nes Somos - Giuliaa<\/title>\n<meta name=\"robots\" content=\"index, follow, max-snippet:-1, max-image-preview:large, max-video-preview:-1\" \/>\n<link rel=\"canonical\" href=\"https:\/\/giuliaa.com\/?page_id=12661\" \/>\n<meta property=\"og:locale\" content=\"en_US\" \/>\n<meta property=\"og:type\" content=\"article\" \/>\n<meta property=\"og:title\" content=\"Qui\u00e9nes Somos - Giuliaa\" \/>\n<meta property=\"og:description\" content=\"Sobre Giuliaa Brindamos sistematizaci\u00f3n con funciones inteligentes Somos un proveedor de cibern\u00e9tica e inteligencia residencial y comercial y presentamos todo tipo de los sistemas de dom\u00f3tica m\u00e1s sencillos\u00a0 complejos para brindar seguridad e innovaci\u00f3n inteligente. Alta tecnolog\u00eda dom\u00f3tica, compuesto por un sistema de componentes y conectividad cibern\u00e9tica, al servicio de automatizaci\u00f3n, confort, seguridad y productividad, [&hellip;]\" \/>\n<meta property=\"og:url\" content=\"https:\/\/giuliaa.com\/?page_id=12661\" \/>\n<meta property=\"og:site_name\" content=\"Giuliaa\" \/>\n<meta property=\"article:modified_time\" content=\"2020-09-26T00:39:45+00:00\" \/>\n<meta property=\"og:image\" content=\"https:\/\/giuliaa.com\/wp-content\/uploads\/2020\/06\/mockup_tablet_img.png\" \/>\n<meta name=\"twitter:card\" content=\"summary_large_image\" \/>\n<meta name=\"twitter:label1\" content=\"Est. reading time\" \/>\n\t<meta name=\"twitter:data1\" content=\"1 minute\" \/>\n<script type=\"application\/ld+json\" class=\"yoast-schema-graph\">{\"@context\":\"https:\\\/\\\/schema.org\",\"@graph\":[{\"@type\":\"WebPage\",\"@id\":\"https:\\\/\\\/giuliaa.com\\\/?page_id=12661\",\"url\":\"https:\\\/\\\/giuliaa.com\\\/?page_id=12661\",\"name\":\"Qui\u00e9nes Somos - Giuliaa\",\"isPartOf\":{\"@id\":\"https:\\\/\\\/giuliaa.com\\\/#website\"},\"primaryImageOfPage\":{\"@id\":\"https:\\\/\\\/giuliaa.com\\\/?page_id=12661#primaryimage\"},\"image\":{\"@id\":\"https:\\\/\\\/giuliaa.com\\\/?page_id=12661#primaryimage\"},\"thumbnailUrl\":\"https:\\\/\\\/giuliaa.com\\\/wp-content\\\/uploads\\\/2020\\\/06\\\/mockup_tablet_img.png\",\"datePublished\":\"2020-05-30T03:47:46+00:00\",\"dateModified\":\"2020-09-26T00:39:45+00:00\",\"breadcrumb\":{\"@id\":\"https:\\\/\\\/giuliaa.com\\\/?page_id=12661#breadcrumb\"},\"inLanguage\":\"en-US\",\"potentialAction\":[{\"@type\":\"ReadAction\",\"target\":[\"https:\\\/\\\/giuliaa.com\\\/?page_id=12661\"]}]},{\"@type\":\"ImageObject\",\"inLanguage\":\"en-US\",\"@id\":\"https:\\\/\\\/giuliaa.com\\\/?page_id=12661#primaryimage\",\"url\":\"https:\\\/\\\/i0.wp.com\\\/giuliaa.com\\\/wp-content\\\/uploads\\\/2020\\\/06\\\/mockup_tablet_img.png?fit=1279%2C720&ssl=1\",\"contentUrl\":\"https:\\\/\\\/i0.wp.com\\\/giuliaa.com\\\/wp-content\\\/uploads\\\/2020\\\/06\\\/mockup_tablet_img.png?fit=1279%2C720&ssl=1\",\"width\":1279,\"height\":720},{\"@type\":\"BreadcrumbList\",\"@id\":\"https:\\\/\\\/giuliaa.com\\\/?page_id=12661#breadcrumb\",\"itemListElement\":[{\"@type\":\"ListItem\",\"position\":1,\"name\":\"Home\",\"item\":\"https:\\\/\\\/giuliaa.com\\\/\"},{\"@type\":\"ListItem\",\"position\":2,\"name\":\"Qui\u00e9nes Somos\"}]},{\"@type\":\"WebSite\",\"@id\":\"https:\\\/\\\/giuliaa.com\\\/#website\",\"url\":\"https:\\\/\\\/giuliaa.com\\\/\",\"name\":\"Giuliaa\",\"description\":\"Solutions\",\"potentialAction\":[{\"@type\":\"SearchAction\",\"target\":{\"@type\":\"EntryPoint\",\"urlTemplate\":\"https:\\\/\\\/giuliaa.com\\\/?s={search_term_string}\"},\"query-input\":{\"@type\":\"PropertyValueSpecification\",\"valueRequired\":true,\"valueName\":\"search_term_string\"}}],\"inLanguage\":\"en-US\"}]}<\/script>\n<!-- \/ Yoast SEO plugin. -->","yoast_head_json":{"title":"Qui\u00e9nes Somos - Giuliaa","robots":{"index":"index","follow":"follow","max-snippet":"max-snippet:-1","max-image-preview":"max-image-preview:large","max-video-preview":"max-video-preview:-1"},"canonical":"https:\/\/giuliaa.com\/?page_id=12661","og_locale":"en_US","og_type":"article","og_title":"Qui\u00e9nes Somos - Giuliaa","og_description":"Sobre Giuliaa Brindamos sistematizaci\u00f3n con funciones inteligentes Somos un proveedor de cibern\u00e9tica e inteligencia residencial y comercial y presentamos todo tipo de los sistemas de dom\u00f3tica m\u00e1s sencillos\u00a0 complejos para brindar seguridad e innovaci\u00f3n inteligente. Alta tecnolog\u00eda dom\u00f3tica, compuesto por un sistema de componentes y conectividad cibern\u00e9tica, al servicio de automatizaci\u00f3n, confort, seguridad y productividad, [&hellip;]","og_url":"https:\/\/giuliaa.com\/?page_id=12661","og_site_name":"Giuliaa","article_modified_time":"2020-09-26T00:39:45+00:00","og_image":[{"url":"https:\/\/giuliaa.com\/wp-content\/uploads\/2020\/06\/mockup_tablet_img.png","type":"","width":"","height":""}],"twitter_card":"summary_large_image","twitter_misc":{"Est. reading time":"1 minute"},"schema":{"@context":"https:\/\/schema.org","@graph":[{"@type":"WebPage","@id":"https:\/\/giuliaa.com\/?page_id=12661","url":"https:\/\/giuliaa.com\/?page_id=12661","name":"Qui\u00e9nes Somos - Giuliaa","isPartOf":{"@id":"https:\/\/giuliaa.com\/#website"},"primaryImageOfPage":{"@id":"https:\/\/giuliaa.com\/?page_id=12661#primaryimage"},"image":{"@id":"https:\/\/giuliaa.com\/?page_id=12661#primaryimage"},"thumbnailUrl":"https:\/\/giuliaa.com\/wp-content\/uploads\/2020\/06\/mockup_tablet_img.png","datePublished":"2020-05-30T03:47:46+00:00","dateModified":"2020-09-26T00:39:45+00:00","breadcrumb":{"@id":"https:\/\/giuliaa.com\/?page_id=12661#breadcrumb"},"inLanguage":"en-US","potentialAction":[{"@type":"ReadAction","target":["https:\/\/giuliaa.com\/?page_id=12661"]}]},{"@type":"ImageObject","inLanguage":"en-US","@id":"https:\/\/giuliaa.com\/?page_id=12661#primaryimage","url":"https:\/\/i0.wp.com\/giuliaa.com\/wp-content\/uploads\/2020\/06\/mockup_tablet_img.png?fit=1279%2C720&ssl=1","contentUrl":"https:\/\/i0.wp.com\/giuliaa.com\/wp-content\/uploads\/2020\/06\/mockup_tablet_img.png?fit=1279%2C720&ssl=1","width":1279,"height":720},{"@type":"BreadcrumbList","@id":"https:\/\/giuliaa.com\/?page_id=12661#breadcrumb","itemListElement":[{"@type":"ListItem","position":1,"name":"Home","item":"https:\/\/giuliaa.com\/"},{"@type":"ListItem","position":2,"name":"Qui\u00e9nes Somos"}]},{"@type":"WebSite","@id":"https:\/\/giuliaa.com\/#website","url":"https:\/\/giuliaa.com\/","name":"Giuliaa","description":"Solutions","potentialAction":[{"@type":"SearchAction","target":{"@type":"EntryPoint","urlTemplate":"https:\/\/giuliaa.com\/?s={search_term_string}"},"query-input":{"@type":"PropertyValueSpecification","valueRequired":true,"valueName":"search_term_string"}}],"inLanguage":"en-US"}]}},"jetpack_sharing_enabled":true,"_links":{"self":[{"href":"https:\/\/giuliaa.com\/index.php?rest_route=\/wp\/v2\/pages\/12661","targetHints":{"allow":["GET"]}}],"collection":[{"href":"https:\/\/giuliaa.com\/index.php?rest_route=\/wp\/v2\/pages"}],"about":[{"href":"https:\/\/giuliaa.com\/index.php?rest_route=\/wp\/v2\/types\/page"}],"author":[{"embeddable":true,"href":"https:\/\/giuliaa.com\/index.php?rest_route=\/wp\/v2\/users\/4"}],"replies":[{"embeddable":true,"href":"https:\/\/giuliaa.com\/index.php?rest_route=%2Fwp%2Fv2%2Fcomments&post=12661"}],"version-history":[{"count":5,"href":"https:\/\/giuliaa.com\/index.php?rest_route=\/wp\/v2\/pages\/12661\/revisions"}],"predecessor-version":[{"id":14498,"href":"https:\/\/giuliaa.com\/index.php?rest_route=\/wp\/v2\/pages\/12661\/revisions\/14498"}],"wp:attachment":[{"href":"https:\/\/giuliaa.com\/index.php?rest_route=%2Fwp%2Fv2%2Fmedia&parent=12661"}],"curies":[{"name":"wp","href":"https:\/\/api.w.org\/{rel}","templated":true}]}}